{"id":10082,"date":"2022-03-28T20:14:06","date_gmt":"2022-03-28T20:14:06","guid":{"rendered":"https:\/\/www.taxilucenajesus.com\/?page_id=10082"},"modified":"2022-04-12T21:38:42","modified_gmt":"2022-04-12T21:38:42","slug":"blog","status":"publish","type":"page","link":"https:\/\/www.taxilucenajesus.com\/index.php\/blog\/","title":{"rendered":"Blog"},"content":{"rendered":"<p>[et_pb_section fb_built=\u00bb1&#8243; fullwidth=\u00bbon\u00bb admin_label=\u00bbPage Header\u00bb _builder_version=\u00bb4.14.2&#8243; background_image=\u00bbhttp:\/\/www.taxilucenajesus.com\/wp-content\/uploads\/2022\/03\/car-dealer-35.jpg\u00bb parallax=\u00bbon\u00bb animation_direction=\u00bbtop\u00bb hover_enabled=\u00bb0&#8243; global_colors_info=\u00bb{}\u00bb title_text=\u00bbcar-dealer-35&#8243; sticky_enabled=\u00bb0&#8243;][et_pb_fullwidth_header title=\u00bbBlog\u00bb text_orientation=\u00bbcenter\u00bb admin_label=\u00bbHero Section\u00bb _builder_version=\u00bb3.16&#8243; title_font=\u00bbMontserrat|on|||\u00bb title_font_size=\u00bb60px\u00bb title_line_height=\u00bb1.4em\u00bb content_font_size=\u00bb22px\u00bb content_line_height=\u00bb1.8em\u00bb subhead_font=\u00bb||||\u00bb background_color=\u00bbrgba(255, 255, 255, 0)\u00bb use_background_color_gradient=\u00bbon\u00bb background_color_gradient_start=\u00bbrgba(58,52,226,0.93)\u00bb background_color_gradient_end=\u00bbrgba(73,108,220,0.7)\u00bb background_size=\u00bbinitial\u00bb background_position=\u00bbtop_left\u00bb background_repeat=\u00bbrepeat\u00bb custom_button_one=\u00bbon\u00bb button_one_text_size=\u00bb16px\u00bb button_one_bg_color=\u00bb#6eba01&#8243; button_one_border_width=\u00bb2px\u00bb button_one_border_color=\u00bb#6eba01&#8243; button_one_border_radius=\u00bb0&#8243; button_one_letter_spacing=\u00bb2&#8243; button_one_font=\u00bbMontserrat|||on|\u00bb button_one_use_icon=\u00bboff\u00bb custom_button_two=\u00bbon\u00bb button_two_text_size=\u00bb16px\u00bb button_two_border_width=\u00bb2px\u00bb button_two_border_color=\u00bb#ffffff\u00bb button_two_border_radius=\u00bb0&#8243; button_two_letter_spacing=\u00bb2&#8243; button_two_font=\u00bbMontserrat|||on|\u00bb button_two_use_icon=\u00bboff\u00bb module_alignment=\u00bbleft\u00bb animation_style=\u00bbfade\u00bb hover_enabled=\u00bb0&#8243; button_one_text_color_hover=\u00bb#6eba01&#8243; button_two_text_color_hover=\u00bb#6eba01&#8243; button_one_border_color_hover=\u00bb#ffffff\u00bb button_two_border_color_hover=\u00bb#ffffff\u00bb button_one_border_radius_hover=\u00bb0&#8243; button_two_border_radius_hover=\u00bb0&#8243; button_one_letter_spacing_hover=\u00bb2&#8243; button_two_letter_spacing_hover=\u00bb2&#8243; button_one_bg_color_hover=\u00bb#ffffff\u00bb button_two_bg_color_hover=\u00bb#ffffff\u00bb global_colors_info=\u00bb{}\u00bb button_one_text_size__hover_enabled=\u00bboff\u00bb button_two_text_size__hover_enabled=\u00bboff\u00bb button_one_text_color__hover_enabled=\u00bbon\u00bb button_one_text_color__hover=\u00bb#6eba01&#8243; button_two_text_color__hover_enabled=\u00bbon\u00bb button_two_text_color__hover=\u00bb#6eba01&#8243; button_one_border_width__hover_enabled=\u00bboff\u00bb button_two_border_width__hover_enabled=\u00bboff\u00bb button_one_border_color__hover_enabled=\u00bbon\u00bb button_one_border_color__hover=\u00bb#ffffff\u00bb button_two_border_color__hover_enabled=\u00bbon\u00bb button_two_border_color__hover=\u00bb#ffffff\u00bb button_one_border_radius__hover_enabled=\u00bbon\u00bb button_one_border_radius__hover=\u00bb0&#8243; button_two_border_radius__hover_enabled=\u00bbon\u00bb button_two_border_radius__hover=\u00bb0&#8243; button_one_letter_spacing__hover_enabled=\u00bbon\u00bb button_one_letter_spacing__hover=\u00bb2&#8243; button_two_letter_spacing__hover_enabled=\u00bbon\u00bb button_two_letter_spacing__hover=\u00bb2&#8243; button_one_bg_color__hover_enabled=\u00bbon\u00bb button_one_bg_color__hover=\u00bb#ffffff\u00bb button_two_bg_color__hover_enabled=\u00bbon\u00bb button_two_bg_color__hover=\u00bb#ffffff\u00bb sticky_enabled=\u00bb0&#8243;][\/et_pb_fullwidth_header][\/et_pb_section][et_pb_section fb_built=\u00bb1&#8243; theme_builder_area=\u00bbpost_content\u00bb _builder_version=\u00bb4.14.2&#8243; _module_preset=\u00bbdefault\u00bb hover_enabled=\u00bb0&#8243; sticky_enabled=\u00bb0&#8243;][et_pb_row _builder_version=\u00bb4.14.2&#8243; _module_preset=\u00bbdefault\u00bb theme_builder_area=\u00bbpost_content\u00bb][et_pb_column _builder_version=\u00bb4.14.2&#8243; _module_preset=\u00bbdefault\u00bb type=\u00bb4_4&#8243; theme_builder_area=\u00bbpost_content\u00bb hover_enabled=\u00bb0&#8243; sticky_enabled=\u00bb0&#8243;][et_pb_accordion _builder_version=\u00bb4.14.2&#8243; _module_preset=\u00bbdefault\u00bb theme_builder_area=\u00bbpost_content\u00bb][et_pb_accordion_item title=\u00bbC\u00f3rdoba\u00bb _builder_version=\u00bb4.14.2&#8243; _module_preset=\u00bbdefault\u00bb open=\u00bbon\u00bb theme_builder_area=\u00bbpost_content\u00bb]<\/p>\n<h2>Descripci\u00f3n<\/h2>\n<p>Granada es<span>\u00a0<\/span><strong>m\u00fasica y poes\u00eda<\/strong>, puro arte<span>\u00a0<\/span><strong>monumental<\/strong>, cultura milenaria. Es provincia que alcanza el cielo desde las escarpadas cumbres de Sierra Nevada; ciudades de impresionante arquitectura que se encalman en el Altiplano; pueblos blancos desparramados por valles y laderas que mueren en los acantilados y playas de la Costa Tropical. La provincia de Granada, privilegiado destino tur\u00edstico, permite al viajero practicar esqu\u00ed en Sierra Nevada, aventurarse por los rec\u00f3nditos pueblos alpujarre\u00f1os, recorrer la \u00faltima frontera de Al-Andalus en el Poniente Granadino o alojarse en cuevas que rememoran la vida troglodita.<\/p>\n<p>Una tierra de veranos suaves y c\u00e1lidos e inviernos propicios para el disfrute de los deportes de nieve.<\/p>\n<h2>Localizaci\u00f3n<\/h2>\n<p>A orillas del mar Mediterr\u00e1neo y en plena cordillera Penib\u00e9tica. Su capital es la ciudad de Granada.<\/p>\n<p>Limita, al oeste, con las provincias de M\u00e1laga y C\u00f3rdoba; al norte con Ja\u00e9n, al este Almer\u00eda y al sur tiene salida al Mediterr\u00e1neo.<\/p>\n<h2>Historia<\/h2>\n<p>Toda la provincia cuenta con alicientes para el turismo<span>\u00a0<\/span><strong>monumental y cultural<\/strong>. En el municipio de Santa Fe, se gest\u00f3 el descubrimiento de Am\u00e9rica por parte de Crist\u00f3bal Col\u00f3n, y Fuentevaqueros vio el nacimiento de Federico Garc\u00eda Lorca, uno de los poetas y dramaturgos m\u00e1s importantes que han alumbrado las letras espa\u00f1olas.<\/p>\n<p>En el altiplano granadino aparecieron los restos de un hom\u00ednido datado entre uno y dos millones de a\u00f1os. Los bastetanos, pueblo ib\u00e9rico, legaron a la posteridad una reliquia de<span>\u00a0<\/span><strong>gran valor hist\u00f3rico<span>\u00a0<\/span><\/strong>y cultural: la Dama de Baza.<\/p>\n<p>Hacia el siglo V a.c., unas monedas acu\u00f1adas por los t\u00fardolos dan cuenta del origen de la capital de esta hermosa provincia. En el siglo VIII, los berberiscos conquistan estas tierras que conocer\u00e1n su apogeo con los nazar\u00edes que propician un desarrollo econ\u00f3mico, social, art\u00edstico y cultural, cuya influencia llega hasta nuestros d\u00edas.<\/p>\n<h2>Paisaje<\/h2>\n<p>La provincia de Granada, se caracteriza por una escalera de altiplanos que descienden desde las altas cumbres hasta el mar Mediterr\u00e1neo. Estos altiplanos y la altitud de sus tierras hacen que su clima sea de inviernos muy fr\u00edos. Esto influye de forma intensa en la vegetaci\u00f3n, la agricultura, la ganader\u00eda y la caza.<\/p>\n<p>En la provincia de Granada se pueden distinguir tres zonas bien diferenciadas:<span>\u00a0<\/span><strong>la costa<\/strong>,<span>\u00a0<\/span><strong>la vega<span>\u00a0<\/span><\/strong>granadina y la zona de<span>\u00a0<\/span><strong>las monta\u00f1as.<span>\u00a0<\/span><\/strong>Cada una de ellas posee unas caracter\u00edsticas clim\u00e1ticas, orogr\u00e1ficas, hist\u00f3ricas y situacionales particulares que la distinguen de las dem\u00e1s.<\/p>\n<h2>Gastronom\u00eda<\/h2>\n<p>De influencia \u00e1rabe, basada en<span>\u00a0<\/span><strong>excelentes materias primas<\/strong>. Ofrece platos tradicionales como las tiernas habas con jam\u00f3n, los cardos, el remoj\u00f3n y el gazpacho. Todo ello acompa\u00f1ado del suculento pan de Alfacar.<\/p>\n<p>Siete productos est\u00e1n reconocidos con Denominaci\u00f3n de Origen o de<span>\u00a0<\/span><strong>Calidad<\/strong>: los aceites de oliva de los Montes y el Poniente, los esp\u00e1rragos verdes de Hu\u00e9tor T\u00e1jar, la miel, el jam\u00f3n de Tr\u00e9velez y la chirimoya de la Costa Tropical.<\/p>\n<p>En Riofr\u00edo, se elabora el \u00fanico caviar de calidad beluga de Espa\u00f1a y la Costa Tropical garantiza buenos pescados y mariscos.<\/p>\n<p>[\/et_pb_accordion_item][et_pb_accordion_item title=\u00bbSu t\u00edtulo va aqu\u00ed\u00bb _builder_version=\u00bb4.14.2&#8243; _module_preset=\u00bbdefault\u00bb open=\u00bboff\u00bb theme_builder_area=\u00bbpost_content\u00bb]<\/p>\n<p>Your content goes here. Edit or remove this text inline or in the module Content settings. You can also style every aspect of this content in the module Design settings and even apply custom CSS to this text in the module Advanced settings.<\/p>\n<p>[\/et_pb_accordion_item][\/et_pb_accordion][\/et_pb_column][\/et_pb_row][\/et_pb_section][et_pb_section fb_built=\u00bb1&#8243; admin_label=\u00bbFooter\u00bb _builder_version=\u00bb4.14.2&#8243; background_image=\u00bbhttp:\/\/www.taxilucenajesus.com\/wp-content\/uploads\/2022\/03\/car-dealer-10.jpg\u00bb parallax=\u00bbon\u00bb custom_padding=\u00bb90px||90px|\u00bb hover_enabled=\u00bb0&#8243; saved_tabs=\u00bball\u00bb global_colors_info=\u00bb{}\u00bb title_text=\u00bbcar-dealer-10&#8243; sticky_enabled=\u00bb0&#8243;][et_pb_row column_structure=\u00bb1_3,2_3&#8243; use_custom_gutter=\u00bbon\u00bb gutter_width=\u00bb2&#8243; make_equal=\u00bbon\u00bb _builder_version=\u00bb3.25&#8243; background_size=\u00bbinitial\u00bb background_position=\u00bbtop_left\u00bb background_repeat=\u00bbrepeat\u00bb custom_padding=\u00bb|||\u00bb global_colors_info=\u00bb{}\u00bb][et_pb_column type=\u00bb1_3&#8243; _builder_version=\u00bb3.25&#8243; background_color=\u00bb#ffffff\u00bb background_position=\u00bbtop_left\u00bb custom_padding=\u00bb50px|40px|50px|40px\u00bb global_colors_info=\u00bb{}\u00bb custom_padding__hover=\u00bb|||\u00bb][et_pb_text admin_label=\u00bbContact US Title\u00bb _builder_version=\u00bb3.27.4&#8243; text_font_size=\u00bb16px\u00bb header_font=\u00bbMontserrat||||\u00bb header_text_color=\u00bb#1f1f1f\u00bb header_font_size=\u00bb22px\u00bb custom_padding=\u00bb0px|0px|0px|0px\u00bb animation_style=\u00bbfold\u00bb animation_direction=\u00bbbottom\u00bb animation_intensity_fold=\u00bb20%\u00bb global_colors_info=\u00bb{}\u00bb]<\/p>\n<h1>Reach Us<\/h1>\n<p>[\/et_pb_text][et_pb_text admin_label=\u00bbContact US Text\u00bb _builder_version=\u00bb3.27.4&#8243; text_font_size=\u00bb16px\u00bb text_line_height=\u00bb1.8em\u00bb header_font=\u00bb||||\u00bb header_text_color=\u00bb#1f1f1f\u00bb custom_margin=\u00bb20px||40px|\u00bb custom_padding=\u00bb0px|0px|0px|0px\u00bb animation_style=\u00bbfold\u00bb animation_direction=\u00bbbottom\u00bb animation_intensity_fold=\u00bb20%\u00bb global_colors_info=\u00bb{}\u00bb]<\/p>\n<p>Sed ut perspiciatis unde omnis iste natus voluptatem.<\/p>\n<p>[\/et_pb_text][et_pb_blurb use_icon=\u00bbon\u00bb font_icon=\u00bb&#xe081;||divi||400&#8243; icon_color=\u00bb#6eba01&#8243; icon_placement=\u00bbleft\u00bb image_icon_width=\u00bb28px\u00bb image_icon_width_last_edited=\u00bboff|desktop\u00bb admin_label=\u00bbAddress\u00bb _builder_version=\u00bb4.13.0&#8243; body_font_size=\u00bb16px\u00bb custom_margin=\u00bb|||\u00bb animation_style=\u00bbfold\u00bb animation_direction=\u00bbbottom\u00bb animation_intensity_fold=\u00bb20%\u00bb icon_font_size=\u00bb28px\u00bb icon_font_size_last_edited=\u00bboff|desktop\u00bb global_colors_info=\u00bb{}\u00bb]<\/p>\n<p>13005 Greenville Avenue, <br \/>California, TX 70240<\/p>\n<p>[\/et_pb_blurb][et_pb_blurb use_icon=\u00bbon\u00bb font_icon=\u00bb&#xe00b;||divi||400&#8243; icon_color=\u00bb#6eba01&#8243; icon_placement=\u00bbleft\u00bb image_icon_width=\u00bb28px\u00bb image_icon_width_last_edited=\u00bboff|desktop\u00bb _builder_version=\u00bb4.13.0&#8243; body_font_size=\u00bb16px\u00bb custom_margin=\u00bb|||\u00bb animation_style=\u00bbfold\u00bb animation_direction=\u00bbbottom\u00bb animation_intensity_fold=\u00bb20%\u00bb icon_font_size=\u00bb28px\u00bb icon_font_size_last_edited=\u00bboff|desktop\u00bb global_colors_info=\u00bb{}\u00bb]<\/p>\n<p>+22 140 006 754<\/p>\n<p>[\/et_pb_blurb][et_pb_blurb use_icon=\u00bbon\u00bb font_icon=\u00bb&#xe076;||divi||400&#8243; icon_color=\u00bb#6eba01&#8243; icon_placement=\u00bbleft\u00bb image_icon_width=\u00bb28px\u00bb image_icon_width_last_edited=\u00bboff|desktop\u00bb admin_label=\u00bbEmail\u00bb _builder_version=\u00bb4.13.0&#8243; body_font_size=\u00bb16px\u00bb custom_margin=\u00bb|||\u00bb animation_style=\u00bbfold\u00bb animation_direction=\u00bbbottom\u00bb animation_intensity_fold=\u00bb20%\u00bb icon_font_size=\u00bb28px\u00bb icon_font_size_last_edited=\u00bboff|desktop\u00bb global_colors_info=\u00bb{}\u00bb]<\/p>\n<p>contact@divifinance.com<\/p>\n<p>[\/et_pb_blurb][et_pb_social_media_follow admin_label=\u00bbFacebook\u00bb _builder_version=\u00bb3.0.87&#8243; text_orientation=\u00bbcenter\u00bb custom_margin=\u00bb|||\u00bb border_radii=\u00bbon|100%|100%|100%|100%\u00bb link_shape=\u00bbcircle\u00bb global_colors_info=\u00bb{}\u00bb][et_pb_social_media_follow_network social_network=\u00bbfacebook\u00bb _builder_version=\u00bb3.0.78&#8243; background_color=\u00bb#c1c1c1&#8243; custom_margin=\u00bb|10px||\u00bb bg_color=\u00bb#3b5998&#8243; global_colors_info=\u00bb{}\u00bb follow_button=\u00bboff\u00bb url_new_window=\u00bbon\u00bb]facebook[\/et_pb_social_media_follow_network][et_pb_social_media_follow_network social_network=\u00bbtwitter\u00bb _builder_version=\u00bb3.0.78&#8243; background_color=\u00bb#c1c1c1&#8243; custom_margin=\u00bb|10px||\u00bb bg_color=\u00bb#00aced\u00bb global_colors_info=\u00bb{}\u00bb follow_button=\u00bboff\u00bb url_new_window=\u00bbon\u00bb]twitter[\/et_pb_social_media_follow_network][et_pb_social_media_follow_network social_network=\u00bblinkedin\u00bb _builder_version=\u00bb3.0.78&#8243; background_color=\u00bb#c1c1c1&#8243; custom_margin=\u00bb|0px||\u00bb bg_color=\u00bb#007bb6&#8243; global_colors_info=\u00bb{}\u00bb follow_button=\u00bboff\u00bb url_new_window=\u00bbon\u00bb]linkedin[\/et_pb_social_media_follow_network][\/et_pb_social_media_follow][et_pb_social_media_follow _builder_version=\u00bb3.0.87&#8243; global_colors_info=\u00bb{}\u00bb][\/et_pb_social_media_follow][\/et_pb_column][et_pb_column type=\u00bb2_3&#8243; _builder_version=\u00bb3.25&#8243; background_color=\u00bb#ffffff\u00bb background_position=\u00bbtop_left\u00bb custom_padding=\u00bb50px|40px|50px|40px\u00bb global_colors_info=\u00bb{}\u00bb custom_padding__hover=\u00bb|||\u00bb][et_pb_contact_form captcha=\u00bboff\u00bb title=\u00bbLeave A Message\u00bb submit_button_text=\u00bbSend Message\u00bb module_id=\u00bbet_pb_contact_form_1&#8243; _builder_version=\u00bb4.13.1&#8243; _unique_id=\u00bb3f900328-98f0-4b83-891e-40457aadf4fc\u00bb form_field_background_color=\u00bbrgba(255,255,255,0)\u00bb title_font=\u00bbMontserrat||||\u00bb title_font_size=\u00bb22px\u00bb custom_button=\u00bbon\u00bb button_text_size=\u00bb18px\u00bb button_text_color=\u00bb#ffffff\u00bb button_bg_color=\u00bb#6eba01&#8243; button_border_width=\u00bb2px\u00bb button_border_color=\u00bb#6eba01&#8243; button_border_radius=\u00bb0px\u00bb button_letter_spacing=\u00bb2px\u00bb button_font=\u00bbMontserrat|||on|\u00bb button_use_icon=\u00bboff\u00bb animation_style=\u00bbfold\u00bb animation_direction=\u00bbbottom\u00bb animation_intensity_fold=\u00bb20%\u00bb border_width_all=\u00bb1px\u00bb border_color_all=\u00bbrgba(0,0,0,0.12)\u00bb border_style_all=\u00bbsolid\u00bb use_border_color=\u00bbon\u00bb border_color=\u00bbrgba(0,0,0,0.12)\u00bb form_background_color=\u00bbrgba(255,255,255,0)\u00bb global_colors_info=\u00bb{}\u00bb button_text_color_hover=\u00bb#6eba01&#8243; button_bg_color_hover=\u00bbrgba(0,0,0,0)\u00bb button_border_color_hover=\u00bb#6eba01&#8243; button_border_radius_hover=\u00bb0px\u00bb button_letter_spacing_hover=\u00bb2px\u00bb][et_pb_contact_field field_id=\u00bbName\u00bb field_title=\u00bbName\u00bb fullwidth_field=\u00bbon\u00bb _builder_version=\u00bb3.16&#8243; global_colors_info=\u00bb{}\u00bb button_text_size__hover_enabled=\u00bboff\u00bb button_one_text_size__hover_enabled=\u00bboff\u00bb button_two_text_size__hover_enabled=\u00bboff\u00bb button_text_color__hover_enabled=\u00bboff\u00bb button_one_text_color__hover_enabled=\u00bboff\u00bb button_two_text_color__hover_enabled=\u00bboff\u00bb button_border_width__hover_enabled=\u00bboff\u00bb button_one_border_width__hover_enabled=\u00bboff\u00bb button_two_border_width__hover_enabled=\u00bboff\u00bb button_border_color__hover_enabled=\u00bboff\u00bb button_one_border_color__hover_enabled=\u00bboff\u00bb button_two_border_color__hover_enabled=\u00bboff\u00bb button_border_radius__hover_enabled=\u00bboff\u00bb button_one_border_radius__hover_enabled=\u00bboff\u00bb button_two_border_radius__hover_enabled=\u00bboff\u00bb button_letter_spacing__hover_enabled=\u00bboff\u00bb button_one_letter_spacing__hover_enabled=\u00bboff\u00bb button_two_letter_spacing__hover_enabled=\u00bboff\u00bb button_bg_color__hover_enabled=\u00bboff\u00bb button_one_bg_color__hover_enabled=\u00bboff\u00bb button_two_bg_color__hover_enabled=\u00bboff\u00bb][\/et_pb_contact_field][et_pb_contact_field field_id=\u00bbEmail\u00bb field_title=\u00bbEmail Address\u00bb field_type=\u00bbemail\u00bb fullwidth_field=\u00bbon\u00bb _builder_version=\u00bb3.16&#8243; global_colors_info=\u00bb{}\u00bb button_text_size__hover_enabled=\u00bboff\u00bb button_one_text_size__hover_enabled=\u00bboff\u00bb button_two_text_size__hover_enabled=\u00bboff\u00bb button_text_color__hover_enabled=\u00bboff\u00bb button_one_text_color__hover_enabled=\u00bboff\u00bb button_two_text_color__hover_enabled=\u00bboff\u00bb button_border_width__hover_enabled=\u00bboff\u00bb button_one_border_width__hover_enabled=\u00bboff\u00bb button_two_border_width__hover_enabled=\u00bboff\u00bb button_border_color__hover_enabled=\u00bboff\u00bb button_one_border_color__hover_enabled=\u00bboff\u00bb button_two_border_color__hover_enabled=\u00bboff\u00bb button_border_radius__hover_enabled=\u00bboff\u00bb button_one_border_radius__hover_enabled=\u00bboff\u00bb button_two_border_radius__hover_enabled=\u00bboff\u00bb button_letter_spacing__hover_enabled=\u00bboff\u00bb button_one_letter_spacing__hover_enabled=\u00bboff\u00bb button_two_letter_spacing__hover_enabled=\u00bboff\u00bb button_bg_color__hover_enabled=\u00bboff\u00bb button_one_bg_color__hover_enabled=\u00bboff\u00bb button_two_bg_color__hover_enabled=\u00bboff\u00bb][\/et_pb_contact_field][et_pb_contact_field field_id=\u00bbMessage\u00bb field_title=\u00bbMessage\u00bb field_type=\u00bbtext\u00bb fullwidth_field=\u00bbon\u00bb _builder_version=\u00bb3.16&#8243; global_colors_info=\u00bb{}\u00bb button_text_size__hover_enabled=\u00bboff\u00bb button_one_text_size__hover_enabled=\u00bboff\u00bb button_two_text_size__hover_enabled=\u00bboff\u00bb button_text_color__hover_enabled=\u00bboff\u00bb button_one_text_color__hover_enabled=\u00bboff\u00bb button_two_text_color__hover_enabled=\u00bboff\u00bb button_border_width__hover_enabled=\u00bboff\u00bb button_one_border_width__hover_enabled=\u00bboff\u00bb button_two_border_width__hover_enabled=\u00bboff\u00bb button_border_color__hover_enabled=\u00bboff\u00bb button_one_border_color__hover_enabled=\u00bboff\u00bb button_two_border_color__hover_enabled=\u00bboff\u00bb button_border_radius__hover_enabled=\u00bboff\u00bb button_one_border_radius__hover_enabled=\u00bboff\u00bb button_two_border_radius__hover_enabled=\u00bboff\u00bb button_letter_spacing__hover_enabled=\u00bboff\u00bb button_one_letter_spacing__hover_enabled=\u00bboff\u00bb button_two_letter_spacing__hover_enabled=\u00bboff\u00bb button_bg_color__hover_enabled=\u00bboff\u00bb button_one_bg_color__hover_enabled=\u00bboff\u00bb button_two_bg_color__hover_enabled=\u00bboff\u00bb][\/et_pb_contact_field][\/et_pb_contact_form][\/et_pb_column][\/et_pb_row][\/et_pb_section]<\/p>\n","protected":false},"excerpt":{"rendered":"<p>Descripci\u00f3n Granada es\u00a0m\u00fasica y poes\u00eda, puro arte\u00a0monumental, cultura milenaria. Es provincia que alcanza el cielo desde las escarpadas cumbres de Sierra Nevada; ciudades de impresionante arquitectura que se encalman en el Altiplano; pueblos blancos desparramados por valles y laderas que mueren en los acantilados y playas de la Costa Tropical. La provincia de Granada, privilegiado [&hellip;]<\/p>\n","protected":false},"author":1,"featured_media":0,"parent":0,"menu_order":0,"comment_status":"closed","ping_status":"closed","template":"","meta":{"_et_pb_use_builder":"on","_et_pb_old_content":"","_et_gb_content_width":"","footnotes":""},"class_list":["post-10082","page","type-page","status-publish","hentry"],"_links":{"self":[{"href":"https:\/\/www.taxilucenajesus.com\/index.php\/wp-json\/wp\/v2\/pages\/10082","targetHints":{"allow":["GET"]}}],"collection":[{"href":"https:\/\/www.taxilucenajesus.com\/index.php\/wp-json\/wp\/v2\/pages"}],"about":[{"href":"https:\/\/www.taxilucenajesus.com\/index.php\/wp-json\/wp\/v2\/types\/page"}],"author":[{"embeddable":true,"href":"https:\/\/www.taxilucenajesus.com\/index.php\/wp-json\/wp\/v2\/users\/1"}],"replies":[{"embeddable":true,"href":"https:\/\/www.taxilucenajesus.com\/index.php\/wp-json\/wp\/v2\/comments?post=10082"}],"version-history":[{"count":5,"href":"https:\/\/www.taxilucenajesus.com\/index.php\/wp-json\/wp\/v2\/pages\/10082\/revisions"}],"predecessor-version":[{"id":10166,"href":"https:\/\/www.taxilucenajesus.com\/index.php\/wp-json\/wp\/v2\/pages\/10082\/revisions\/10166"}],"wp:attachment":[{"href":"https:\/\/www.taxilucenajesus.com\/index.php\/wp-json\/wp\/v2\/media?parent=10082"}],"curies":[{"name":"wp","href":"https:\/\/api.w.org\/{rel}","templated":true}]}}